{"id":1066,"date":"2013-09-15T16:41:58","date_gmt":"2013-09-15T14:41:58","guid":{"rendered":"http:\/\/zahraowens.com\/?page_id=1066"},"modified":"2022-08-30T14:21:38","modified_gmt":"2022-08-30T12:21:38","slug":"clouds-and-rain-translated","status":"publish","type":"page","link":"https:\/\/zahraowens.com\/?page_id=1066","title":{"rendered":"Clouds and Rain Translated"},"content":{"rendered":"<p><a name=\"CRSP\"><\/a><\/p>\n<h3>Clouds and Rain Spanish<\/h3>\n<p><img loading=\"lazy\" decoding=\"async\" class=\"alignleft size-medium wp-image-583\" src=\"https:\/\/zahraowens.com\/wp-content\/uploads\/2012\/05\/CloudsRain-SP-lg-200x300.jpg\" alt=\"Nubes y Lluvia, Spanish Translation of Clouds and Rain from Dreamspinner Press\" width=\"100\" height=\"150\" srcset=\"https:\/\/zahraowens.com\/wp-content\/uploads\/2012\/05\/CloudsRain-SP-lg-200x300.jpg 200w, https:\/\/zahraowens.com\/wp-content\/uploads\/2012\/05\/CloudsRain-SP-lg.jpg 400w\" sizes=\"auto, (max-width: 100px) 100vw, 100px\" \/>Flynn Tomlinson ha ido a la deriva durante los \u00faltimos a\u00f1os, aceptando todo tipo de empleos cuando necesitaba dinero y march\u00e1ndose a otro lugar en cuanto lo obten\u00eda. Est\u00e1 contento con su estilo de vida sin tener que echar ra\u00edces ni ser responsable de nada m\u00e1s que de s\u00ed mismo. Un d\u00eda encuentra un cartel que reza &#8220;se necesita ayuda&#8221; en una oficina de correos de Idaho, y conoce a Gable Sutton, que no puede trabajar solo en el rancho porque un serio accidente lo ha dejado impedido.<\/p>\n<p>Como su sue\u00f1o es volver a trabajar con caballos acepta los t\u00e9rminos del contrato que Gable le ofrece. Sin embargo, lo que no negoci\u00f3 fue enamorarse de ese hombre amable y solitario, que capturar\u00e1 su coraz\u00f3n y har\u00e1 que tome sobre sus hombros una carga incre\u00edble: salvar su rancho.<br \/>\n(Translated by Saura Garcia)<br \/>\nBuy it at <a href=\"https:\/\/www.dreamspinnerpress.com\/books\/nubes-y-lluvia-by-zahra-owens-5124-b\" target=\"_blank\" rel=\"noopener\"><strong>Dreamspinner Press<\/strong><\/a><\/p>\n<p><a name=\"CRIT\"><\/a><\/p>\n<h3>Clouds and Rain Italian<\/h3>\n<p><img loading=\"lazy\" decoding=\"async\" class=\"alignright size-medium wp-image-582\" src=\"https:\/\/zahraowens.com\/wp-content\/uploads\/2012\/05\/CloudsRain-IT-lg-200x300.jpg\" alt=\"Nuvole e Pioggia: Clouds and Rain by Zahra Owens in Italian from Dreamspinner Press\" width=\"100\" height=\"150\" srcset=\"https:\/\/zahraowens.com\/wp-content\/uploads\/2012\/05\/CloudsRain-IT-lg-200x300.jpg 200w, https:\/\/zahraowens.com\/wp-content\/uploads\/2012\/05\/CloudsRain-IT-lg.jpg 400w\" sizes=\"auto, (max-width: 100px) 100vw, 100px\" \/>Flynn Tomlinson ha girovagato per diversi anni, facendo ogni genere di lavoro quando aveva bisogno di soldi e spostandosi quando non ne aveva bisogno. \u00c8 soddisfatto dal suo stile di vita, privo di legami, privo di responsabilit\u00e0 se non quella per s\u00e9 stesso. Poi incappa in un annuncio all&#8217;ufficio delle poste e conosce Gable Sutton. Gable non potr\u00e0 pagare Flynn fino a quando non avr\u00e0 venduto i cavalli, ma un grave incidente l&#8217;ha reso incapace di lavorare al ranch da solo.<\/p>\n<p>Lavorare con i cavalli \u00e8 meglio che impilare scatole al supermercato, cos\u00ec Flynn accetta la proposta di Gable. Ci\u00f2 che Flynn non aveva considerato era l&#8217;essere incantato da quell&#8217;uomo gentile e solitario che cattura il suo cuore e lo carica di un fardello incredibile: salvare il ranch di Gable.<br \/>\n(Translated by Killer Queen)<br \/>\nBuy it at <a href=\"https:\/\/www.dreamspinnerpress.com\/books\/nuvole-e-pioggia-by-zahra-owens-3041-b\" target=\"_blank\" rel=\"noopener\"><strong>Dreamspinner Press<\/strong><\/a><\/p>\n<p><a name=\"CRFR\"><\/a><\/p>\n<h3>Clouds and Rain French<\/h3>\n<p><img loading=\"lazy\" decoding=\"async\" class=\"alignleft size-medium wp-image-1061\" src=\"https:\/\/zahraowens.com\/wp-content\/uploads\/2013\/09\/CloudsRain-FR-LG-200x300.jpg\" alt=\"Zahra Owens - Sous Les Nuages Du Ranch\" width=\"100\" height=\"150\" srcset=\"https:\/\/zahraowens.com\/wp-content\/uploads\/2013\/09\/CloudsRain-FR-LG-200x300.jpg 200w, https:\/\/zahraowens.com\/wp-content\/uploads\/2013\/09\/CloudsRain-FR-LG-100x150.jpg 100w, https:\/\/zahraowens.com\/wp-content\/uploads\/2013\/09\/CloudsRain-FR-LG-266x400.jpg 266w, https:\/\/zahraowens.com\/wp-content\/uploads\/2013\/09\/CloudsRain-FR-LG-140x210.jpg 140w, https:\/\/zahraowens.com\/wp-content\/uploads\/2013\/09\/CloudsRain-FR-LG.jpg 400w\" sizes=\"auto, (max-width: 100px) 100vw, 100px\" \/>Flynn Tomlinson s\u2019est laiss\u00e9 pousser par le vent pendant des ann\u00e9es, faisant des petits boulots quand il a besoin d\u2019argent avant de reprendre la route. Son style de vie libre, sans attaches ni responsabilit\u00e9s envers quelqu\u2019un d\u2019autre lui convient parfaitement. Puis il tombe sur une affiche d\u2019offre d\u2019emploi dans un bureau de poste dans l\u2019Idaho et rencontre Gabe Sutton. Gabe ne pourra payer Flynn qu\u2019apr\u00e8s avoir vendu ses chevaux, mais les s\u00e9quelles d\u2019un grave accident l\u2019emp\u00eachent de faire tourner le ranch tout seul.<\/p>\n<p>Travailler avec des chevaux l\u2019int\u00e9resse plus que de remplir des rayons dans un supermarch\u00e9, aussi Flynn accepte-t-il les termes de Gabe. Il ne s\u2019attendait pas \u00e0 \u00eatre captiv\u00e9 par cet homme doux et solitaire qui capture son c\u0153ur et le pousse \u00e0 s\u2019atteler \u00e0 une tr\u00e8s lourde t\u00e2che : sauver le ranch de Gabe.<br \/>\n(Translated by Marinette Mich\u00e9-Santoro)<br \/>\nBuy it at <a href=\"https:\/\/www.dreamspinnerpress.com\/books\/sous-les-nuages-du-ranch-by-zahra-owens-1690-b\" target=\"_blank\" rel=\"noopener\"><strong>Dreamspinner Press<\/strong><\/a><\/p>\n<p><a name=\"CRGE\"><\/a><\/p>\n<h3>Clouds and Rain German<\/h3>\n<p><a href=\"http:\/\/www.dreamspinnerpress.com\/store\/product_info.php?products_id=4704\"><img loading=\"lazy\" decoding=\"async\" class=\"alignright size-medium wp-image-1148\" src=\"https:\/\/zahraowens.com\/wp-content\/uploads\/2014\/01\/CloudsRain-DE-LG-200x300.jpg\" alt=\"Clouds and Rain in German\" width=\"100\" height=\"150\" srcset=\"https:\/\/zahraowens.com\/wp-content\/uploads\/2014\/01\/CloudsRain-DE-LG-200x300.jpg 200w, https:\/\/zahraowens.com\/wp-content\/uploads\/2014\/01\/CloudsRain-DE-LG-100x150.jpg 100w, https:\/\/zahraowens.com\/wp-content\/uploads\/2014\/01\/CloudsRain-DE-LG-266x400.jpg 266w, https:\/\/zahraowens.com\/wp-content\/uploads\/2014\/01\/CloudsRain-DE-LG-140x210.jpg 140w, https:\/\/zahraowens.com\/wp-content\/uploads\/2014\/01\/CloudsRain-DE-LG.jpg 400w\" sizes=\"auto, (max-width: 100px) 100vw, 100px\" \/><\/a>Flynn Tomlinson hat sich mehrere Jahre herumgetrieben, hat irgendwelche Jobs angenommen, wenn er das Geld brauchte und ist weitergezogen, wenn er es nicht brauchte. Er ist zufrieden mit seinem ungebundenen Leben, wo er f\u00fcr niemanden verantwortlich ist au\u00dfer sich selbst. Dann sieht er eine Kleinanzeige \u201eAushilfe gesucht\u201c in einem Postamt in Idaho und trifft Gable Sutton. Gable kann Flynn nicht bezahlen, bis er seine Pferde verkauft hat, aber nach einem schweren Unfall kann er seine Ranch nicht mehr alleine bewirtschaften.<\/p>\n<p>Mit Pferden zu arbeiten ist um L\u00e4ngen besser als Regale im Supermarkt einzur\u00e4umen, daher erkl\u00e4rt sich Flynn mit Gables Bedingungen einverstanden. Womit Flynn nicht gerechnet hat, ist die Anziehung des sanften, einsamen Mannes, der sein Herz erobert und Flynn dazu bringt, eine gro\u00dfe Aufgabe anzunehmen: Gables Ranch zu retten.<br \/>\n(Translated by Nicoletta)<br \/>\nBuy it at <a href=\"https:\/\/www.dreamspinnerpress.com\/books\/clouds-and-rain-ein-lichtblick-fur-gable-by-zahra-owens-2420-b\" target=\"_blank\" rel=\"noopener\"><strong>Dreamspinner Press<\/strong><\/a><\/p>\n","protected":false},"excerpt":{"rendered":"<p>Clouds and Rain Spanish Flynn Tomlinson ha ido a la deriva durante los \u00faltimos a\u00f1os, aceptando todo tipo de empleos cuando necesitaba dinero y march\u00e1ndose a otro lugar en cuanto lo obten\u00eda. Est\u00e1 contento con su estilo de vida sin tener que echar ra\u00edces ni ser responsable de nada m\u00e1s que de s\u00ed mismo. Un&#8230;<\/p>\n","protected":false},"author":2,"featured_media":0,"parent":0,"menu_order":0,"comment_status":"open","ping_status":"open","template":"","meta":{"footnotes":""},"class_list":["post-1066","page","type-page","status-publish","hentry"],"_links":{"self":[{"href":"https:\/\/zahraowens.com\/index.php?rest_route=\/wp\/v2\/pages\/1066","targetHints":{"allow":["GET"]}}],"collection":[{"href":"https:\/\/zahraowens.com\/index.php?rest_route=\/wp\/v2\/pages"}],"about":[{"href":"https:\/\/zahraowens.com\/index.php?rest_route=\/wp\/v2\/types\/page"}],"author":[{"embeddable":true,"href":"https:\/\/zahraowens.com\/index.php?rest_route=\/wp\/v2\/users\/2"}],"replies":[{"embeddable":true,"href":"https:\/\/zahraowens.com\/index.php?rest_route=%2Fwp%2Fv2%2Fcomments&post=1066"}],"version-history":[{"count":7,"href":"https:\/\/zahraowens.com\/index.php?rest_route=\/wp\/v2\/pages\/1066\/revisions"}],"predecessor-version":[{"id":1351,"href":"https:\/\/zahraowens.com\/index.php?rest_route=\/wp\/v2\/pages\/1066\/revisions\/1351"}],"wp:attachment":[{"href":"https:\/\/zahraowens.com\/index.php?rest_route=%2Fwp%2Fv2%2Fmedia&parent=1066"}],"curies":[{"name":"wp","href":"https:\/\/api.w.org\/{rel}","templated":true}]}}