{"id":1074,"date":"2013-09-15T16:51:40","date_gmt":"2013-09-15T14:51:40","guid":{"rendered":"http:\/\/zahraowens.com\/?page_id=1074"},"modified":"2022-08-30T16:24:50","modified_gmt":"2022-08-30T14:24:50","slug":"earth-and-sly-translated","status":"publish","type":"page","link":"https:\/\/zahraowens.com\/?page_id=1074","title":{"rendered":"Earth and Sky Translated"},"content":{"rendered":"<p><a name=\"ESSP\"><\/a><\/p>\n<h3>Earth and Sky Spanish<\/h3>\n<p><img loading=\"lazy\" decoding=\"async\" class=\"alignleft size-medium wp-image-1073\" src=\"https:\/\/zahraowens.com\/wp-content\/uploads\/2013\/09\/EarthSky-SP-LG-200x300.jpg\" alt=\"Zahra Owens Tierra y Cielo\" width=\"100\" height=\"150\" srcset=\"https:\/\/zahraowens.com\/wp-content\/uploads\/2013\/09\/EarthSky-SP-LG-200x300.jpg 200w, https:\/\/zahraowens.com\/wp-content\/uploads\/2013\/09\/EarthSky-SP-LG-100x150.jpg 100w, https:\/\/zahraowens.com\/wp-content\/uploads\/2013\/09\/EarthSky-SP-LG-266x400.jpg 266w, https:\/\/zahraowens.com\/wp-content\/uploads\/2013\/09\/EarthSky-SP-LG-140x210.jpg 140w, https:\/\/zahraowens.com\/wp-content\/uploads\/2013\/09\/EarthSky-SP-LG.jpg 400w\" sizes=\"auto, (max-width: 100px) 100vw, 100px\" \/>Hunter Krause sabe mejor que nadie que llevar un rancho significa trabajar duro, aunque el capataz y toda su familia echen una mano. Los vaqueros son dif\u00edciles de encontrar y el rancho tiene mucho trabajo, por lo que siempre se necesita personal. As\u00ed que cuando los caballos comienzan a desaparecer, el capataz contrata al \u00faltimo hombre al que \u00e9l considerar\u00eda apto, Grant Jarreu, un hombre a quien Hunter no puede perdonar haber abandonado a su mejor amigo, Gable, despu\u00e9s de tener un accidente que lo incapacit\u00f3 de por vida.<\/p>\n<p>Grant se integra r\u00e1pidamente, haci\u00e9ndose amigo de la hermana de Hunter y consiguiendo ser indispensable. A pesar del recelo inicial, no puede controlar las reacciones de su cuerpo hacia Grant, y no est\u00e1 seguro de qu\u00e9 hacer al respecto. Pero no ser\u00e1 hasta que Grant salve a su joven sobrino de ahogarse, que un beso de agradecimiento abrir\u00e1 unas puertas que Hunter nunca supo que exist\u00edan.<\/p>\n<p>Mientras Hunter y Grant comienzan una relaci\u00f3n con recelos, la familia de Hunter entra en caos, el rancho comienza a tener p\u00e9rdidas, no pueden averiguar qu\u00e9 ocurre con los caballos y adem\u00e1s de todo eso, Grant esconde algo. \u00bfPodr\u00e1 Hunter aprender a confiar en \u00e9l, o el caos que est\u00e1 separando a su familia reclamar\u00e1 otra v\u00edctima?<br \/>\n(translated by Saura Garcia)<br \/>\nBuy it at <a href=\"https:\/\/www.dreamspinnerpress.com\/books\/tierra-y-cielo-by-zahra-owens-5865-b\" target=\"_blank\" rel=\"noopener\"><strong>Dreamspinner Press<\/strong><\/a><\/p>\n<p><a name=\"ESIT\"><\/a><\/p>\n<h3>Earth and Sky Italian<\/h3>\n<p><img loading=\"lazy\" decoding=\"async\" class=\"alignright size-medium wp-image-1072\" src=\"https:\/\/zahraowens.com\/wp-content\/uploads\/2013\/09\/EarthSky-IT-LG-200x300.jpg\" alt=\"Zahra Owens - Terra e Cielo\" width=\"100\" height=\"150\" srcset=\"https:\/\/zahraowens.com\/wp-content\/uploads\/2013\/09\/EarthSky-IT-LG-200x300.jpg 200w, https:\/\/zahraowens.com\/wp-content\/uploads\/2013\/09\/EarthSky-IT-LG-100x150.jpg 100w, https:\/\/zahraowens.com\/wp-content\/uploads\/2013\/09\/EarthSky-IT-LG-266x400.jpg 266w, https:\/\/zahraowens.com\/wp-content\/uploads\/2013\/09\/EarthSky-IT-LG-140x210.jpg 140w, https:\/\/zahraowens.com\/wp-content\/uploads\/2013\/09\/EarthSky-IT-LG.jpg 400w\" sizes=\"auto, (max-width: 100px) 100vw, 100px\" \/>Hunter Krause sa meglio di chiunque altro che gestire un ranch \u00e8 un lavoro duro. I lavoratori sono difficili da trovare e, anche con l&#8217;aiuto del suo caposquadra e di tutta la famiglia, il ranch \u00e8 costantemente a corto di braccia. Quindi, quando i cavalli cominciano a scomparire, il cognato di Hunter assume un uomo che lui non avrebbe mai considerato: Grant Jarreau, un uomo che Hunter non pu\u00f2 perdonare per aver abbandonato il suo migliore amico dopo un grave incidente.<\/p>\n<p>Grant si ambienta in fretta, diventando amico della sorella di Hunter e rivelandosi insostituibile. Nonostante i dubbi, Hunter non riesce a controllare le reazioni che gli provoca Grant e non sa cosa fare. Quindi, Grant salva il nipote di Hunter dall&#8217;annegamento e un bacio di ringraziamento aprir\u00e0 a Hunter porte di cui non aveva mai sospettato l&#8217;esistenza.<\/p>\n<p>Mentre Hunter e Grant cercano di cominciare una relazione, la famiglia attraversa un momento di tumulto, il ranch ha dei problemi, non riescono a capire il perch\u00e9 della scomparsa dei cavalli e, come se non bastasse, Grant sta nascondendo qualcosa. Hunter riuscir\u00e0 a fidarsi di Grant o il putiferio familiare richieder\u00e0 un&#8217;altra vittima?<br \/>\n(Translated by Killer Queen)<br \/>\nBuy it at <a href=\"https:\/\/www.dreamspinnerpress.com\/books\/terra-e-cielo-by-zahra-owens-4458-b\" target=\"_blank\" rel=\"noopener\"><strong>Dreamspinner Press<\/strong><\/a><\/p>\n<p><a name=\"ESFR\"><\/a><\/p>\n<h3>Earth and Sky French<\/h3>\n<p><img loading=\"lazy\" decoding=\"async\" class=\"alignleft wp-image-1285 size-thumbnail\" src=\"https:\/\/zahraowens.com\/wp-content\/uploads\/2022\/08\/entre-ciel-et-terre-100x150.jpg\" alt=\"\" width=\"100\" height=\"150\" srcset=\"https:\/\/zahraowens.com\/wp-content\/uploads\/2022\/08\/entre-ciel-et-terre-100x150.jpg 100w, https:\/\/zahraowens.com\/wp-content\/uploads\/2022\/08\/entre-ciel-et-terre-200x300.jpg 200w, https:\/\/zahraowens.com\/wp-content\/uploads\/2022\/08\/entre-ciel-et-terre.jpg 700w\" sizes=\"auto, (max-width: 100px) 100vw, 100px\" \/><\/p>\n<p>Hunter Krause sait mieux que personne que g\u00e9rer un ranch demande beaucoup de travail. Les bons employ\u00e9s sont difficiles \u00e0 trouver. Hunter a beau avoir un r\u00e9gisseur efficace et une grande famille pr\u00eate \u00e0 l\u2019\u00e9pauler, le ranch est constamment \u00e0 court de main-d\u2019\u0153uvre. De plus, des poulains se mettent \u00e0 dispara\u00eetre myst\u00e9rieusement et son beau-fr\u00e8re d\u00e9cide d\u2019embaucher un homme que Hunter aurait pr\u00e9f\u00e9r\u00e9 ne jamais revoir : Grant. Hunter ne peut pas lui pardonner d\u2019avoir abandonn\u00e9 meilleur ami, Gabe, le propri\u00e9taire du ranch voisin, apr\u00e8s un grave accident qui l\u2019a laiss\u00e9 handicap\u00e9.<\/p>\n<p>Grant Jarreau s\u2019adapte rapidement \u00e0 la vie du ranch, il se rend indispensable et s\u2019entend bien avec Izzie, la s\u0153ur de Hunter. Quant \u00e0 Hunter, malgr\u00e9 ses id\u00e9es pr\u00e9con\u00e7ues, il ne peut contr\u00f4ler ses r\u00e9actions physiques en pr\u00e9sence du beau cowboy. Quand celui-ci sauve son jeune neveu de la noyade, les deux hommes \u00e9changent un baiser qui ouvre pour Hunter un monde nouveau et des perspectives dont il ignorait l\u2019existence.<\/p>\n<p>Pendant que Hunter et Grant entament une relation secr\u00e8te, la famille se d\u00e9chire et le ranch est en difficult\u00e9, parce que personne n\u2019arrive \u00e0 comprendre ce qui arrive aux chevaux. Pour couronner le tout, Grant cache un lourd secret.<\/p>\n<p>Hunter apprendra-t-il \u00e0 faire confiance \u00e0 Grant ou bien l\u2019orage familial fera-t-il une autre victime ?(Translated by Anne Solo)<br \/>\nBuy it at <a href=\"https:\/\/www.dreamspinnerpress.com\/books\/entre-ciel-et-terre-by-zahra-owens-5486-b\">Dreamspinner Press<\/a><\/p>\n<p><a name=\"ESGE\"><\/a><\/p>\n<h3>Earth and Sky German<\/h3>\n<p><img loading=\"lazy\" decoding=\"async\" class=\"alignright size-medium wp-image-1072\" src=\"https:\/\/zahraowens.com\/wp-content\/uploads\/2013\/09\/EarthSky-IT-LG-200x300.jpg\" alt=\"Zahra Owens - Terra e Cielo\" width=\"100\" height=\"150\" data-wp-editing=\"1\" srcset=\"https:\/\/zahraowens.com\/wp-content\/uploads\/2013\/09\/EarthSky-IT-LG-200x300.jpg 200w, https:\/\/zahraowens.com\/wp-content\/uploads\/2013\/09\/EarthSky-IT-LG-100x150.jpg 100w, https:\/\/zahraowens.com\/wp-content\/uploads\/2013\/09\/EarthSky-IT-LG-266x400.jpg 266w, https:\/\/zahraowens.com\/wp-content\/uploads\/2013\/09\/EarthSky-IT-LG-140x210.jpg 140w, https:\/\/zahraowens.com\/wp-content\/uploads\/2013\/09\/EarthSky-IT-LG.jpg 400w\" sizes=\"auto, (max-width: 100px) 100vw, 100px\" \/><\/p>\n<p>Hunter Krause wei\u00df ganz genau, dass es harte Arbeit ist, eine Ranch zu f\u00fchren. Gute Cowboys zu finden ist schwer, und obwohl ihn sein Vorarbeiter und seine gesamte Familie unterst\u00fctzen, hat er zu wenige M\u00e4nner. Als dann Pferde von der Ranch verschwinden, stellt sein Bruder einen Mann ein, den Hunter nie in Erw\u00e4gung gezogen h\u00e4tte: Grant Jarreau, dem Hunter bis heute nicht verzeihen kann, dass er Hunters besten Freund nach einem schweren Unfall einfach im Stich gelassen hat.<\/p>\n<p>Grant f\u00fcgt sich schnell in das Leben auf der Ranch ein. Er freundet sich mit Hunters Schwester an und leistet hervorragende Arbeit. Trotz seiner Bedenken kann Hunter seine k\u00f6rperliche Reaktion auf Grant nicht wirklich verhindern und er wei\u00df nicht, was er dagegen tun soll. Als Grant dann Hunters kleinen Neffen vor dem Ertrinken rettet, \u00f6ffnet ein dankbarer Kuss T\u00fcren, von deren Existenz Hunter nie etwas geahnt hatte.<\/p>\n<p>W\u00e4hrend Hunter und Grant langsam eine Beziehung aufbauen, ger\u00e4t Hunters Familie aus den Fugen, gibt es Schwierigkeiten auf der Ranch, versuchen sie herauszufinden, was mit den Pferden passiert ist und \u2013 als w\u00e4re das nicht genug \u2013 verschweigt Grant irgendetwas. Kann Hunter lernen, Grant zu vertrauen oder wird der Aufruhr in Hunters Familie ein weiteres Opfer fordern?<br \/>\nTranslated by Melina Wilke<br \/>\nBuy it at <a href=\"https:\/\/www.dreamspinnerpress.com\/books\/earth-and-sky-ein-neubeginn-fur-hunter-by-zahra-owens-4797-b\" target=\"_blank\" rel=\"noopener\"><strong>Dreamspinner Press<\/strong><\/a><\/p>\n","protected":false},"excerpt":{"rendered":"<p>Earth and Sky Spanish Hunter Krause sabe mejor que nadie que llevar un rancho significa trabajar duro, aunque el capataz y toda su familia echen una mano. Los vaqueros son dif\u00edciles de encontrar y el rancho tiene mucho trabajo, por lo que siempre se necesita personal. As\u00ed que cuando los caballos comienzan a desaparecer, el&#8230;<\/p>\n","protected":false},"author":2,"featured_media":0,"parent":0,"menu_order":0,"comment_status":"open","ping_status":"open","template":"","meta":{"footnotes":""},"class_list":["post-1074","page","type-page","status-publish","hentry"],"_links":{"self":[{"href":"https:\/\/zahraowens.com\/index.php?rest_route=\/wp\/v2\/pages\/1074","targetHints":{"allow":["GET"]}}],"collection":[{"href":"https:\/\/zahraowens.com\/index.php?rest_route=\/wp\/v2\/pages"}],"about":[{"href":"https:\/\/zahraowens.com\/index.php?rest_route=\/wp\/v2\/types\/page"}],"author":[{"embeddable":true,"href":"https:\/\/zahraowens.com\/index.php?rest_route=\/wp\/v2\/users\/2"}],"replies":[{"embeddable":true,"href":"https:\/\/zahraowens.com\/index.php?rest_route=%2Fwp%2Fv2%2Fcomments&post=1074"}],"version-history":[{"count":10,"href":"https:\/\/zahraowens.com\/index.php?rest_route=\/wp\/v2\/pages\/1074\/revisions"}],"predecessor-version":[{"id":1299,"href":"https:\/\/zahraowens.com\/index.php?rest_route=\/wp\/v2\/pages\/1074\/revisions\/1299"}],"wp:attachment":[{"href":"https:\/\/zahraowens.com\/index.php?rest_route=%2Fwp%2Fv2%2Fmedia&parent=1074"}],"curies":[{"name":"wp","href":"https:\/\/api.w.org\/{rel}","templated":true}]}}