{"id":1152,"date":"2014-01-22T19:17:33","date_gmt":"2014-01-22T17:17:33","guid":{"rendered":"http:\/\/zahraowens.com\/?page_id=1152"},"modified":"2022-08-30T19:59:28","modified_gmt":"2022-08-30T17:59:28","slug":"floods-and-drought-translated","status":"publish","type":"page","link":"https:\/\/zahraowens.com\/?page_id=1152","title":{"rendered":"Floods and Drought Translated"},"content":{"rendered":"<p><a name=\"FDSP\"><\/a><\/p>\n<h3>Floods and Drought Spanish<\/h3>\n<p><a href=\"http:\/\/www.dreamspinnerpress.com\/store\/product_info.php?products_id=4711\"><img loading=\"lazy\" decoding=\"async\" class=\"wp-image-1303 size-thumbnail alignleft\" src=\"https:\/\/zahraowens.com\/wp-content\/uploads\/2022\/08\/o-inundacion-y-sequia-100x150.jpg\" alt=\"\" width=\"100\" height=\"150\" srcset=\"https:\/\/zahraowens.com\/wp-content\/uploads\/2022\/08\/o-inundacion-y-sequia-100x150.jpg 100w, https:\/\/zahraowens.com\/wp-content\/uploads\/2022\/08\/o-inundacion-y-sequia-200x300.jpg 200w, https:\/\/zahraowens.com\/wp-content\/uploads\/2022\/08\/o-inundacion-y-sequia.jpg 400w\" sizes=\"auto, (max-width: 100px) 100vw, 100px\" \/><\/a>Tim Conroy tiene experiencia siendo una persona paciente. Ha esperado tres a\u00f1os a que Rory McCown salga de la c\u00e1rcel despu\u00e9s de cumplir condena por robar caballos en el rancho Blue River. Y ahora que ha salido bajo libertad condicional, Tim tiene el objetivo de persuadir a su jefe, Hunter Krause, para que le d\u00e9 una segunda oportunidad, aunque casi se arrepiente cuando Hunter accede.<\/p>\n<p>Rory pasa de ser un solitario malhumorado a ser un arrogante demasiado confiado en s\u00ed mismo en cuesti\u00f3n de segundos. La atracci\u00f3n entre ambos es innegable, pero tan pronto como comienzan a acercarse, un antiguo enemigo intenta fastidiarlo todo\u2026 y es posible que su incipiente relaci\u00f3n no sea lo suficientemente fuerte como para capear el temporal que se aproxima.<\/p>\n<p>Translated by Saura Garc\u00eda<br \/>\nBuy it at <a href=\"https:\/\/www.dreamspinnerpress.com\/books\/inundacion-y-sequia-by-zahra-owens-1420-b\" target=\"_blank\" rel=\"noopener\"><strong>Dreamspinner Press<\/strong><\/a><br \/>\n<a name=\"FDIT\"><\/a><\/p>\n<h3>Floods and Drought Italian<\/h3>\n<p><a href=\"http:\/\/www.dreamspinnerpress.com\/store\/product_info.php?products_id=4711\"><img loading=\"lazy\" decoding=\"async\" class=\"size-medium wp-image-1149 alignright\" src=\"https:\/\/zahraowens.com\/wp-content\/uploads\/2014\/01\/FloodsDrought-IT-LG-200x300.jpg\" alt=\"Floods and Drought Italian\" width=\"100\" height=\"150\" srcset=\"https:\/\/zahraowens.com\/wp-content\/uploads\/2014\/01\/FloodsDrought-IT-LG-200x300.jpg 200w, https:\/\/zahraowens.com\/wp-content\/uploads\/2014\/01\/FloodsDrought-IT-LG-100x150.jpg 100w, https:\/\/zahraowens.com\/wp-content\/uploads\/2014\/01\/FloodsDrought-IT-LG-266x400.jpg 266w, https:\/\/zahraowens.com\/wp-content\/uploads\/2014\/01\/FloodsDrought-IT-LG-140x210.jpg 140w, https:\/\/zahraowens.com\/wp-content\/uploads\/2014\/01\/FloodsDrought-IT-LG.jpg 400w\" sizes=\"auto, (max-width: 100px) 100vw, 100px\" \/><\/a>Tim Conroy sa bene che cosa vuol dire avere pazienza. Ha aspettato per tre anni che Rory McCown uscisse dalla prigione dopo aver scontato la pena per aver rubato dei cavalli al Blue River Ranch. Ora che Rory ha diritto alla libert\u00e0 condizionale, Tim cerca di convincere il suo capo, Hunter Krause, a concedergli una seconda possibilit\u00e0.<\/p>\n<p>Arriva quasi a pentirsene quando Hunter accetta. Rory passa in fretta dall\u2019essere una persona malinconica e solitaria a diventare arrogante e troppo sicuro di s\u00e9. L\u2019attrazione tra loro \u00e8 ancora viva, ma non appena cominciano ad avvicinarsi, si fa vivo un vecchio nemico per mettere i bastoni tra le ruote&#8230; e la loro relazione appena iniziata potrebbe non essere abbastanza forte da resistere alla tempesta in arrivo.<br \/>\n(translated by KillerQueen)<br \/>\nBuy it at <a href=\"https:\/\/www.dreamspinnerpress.com\/books\/alluvioni-e-siccita-by-zahra-owens-3568-b\" target=\"_blank\" rel=\"noopener\"><strong>Dreamspinner Press<\/strong><\/a><br \/>\n<a name=\"FDFR\"><\/a><\/p>\n<h3>Floods and Drought French<\/h3>\n<p><a href=\"http:\/\/www.dreamspinnerpress.com\/store\/product_info.php?products_id=4711\"><img loading=\"lazy\" decoding=\"async\" class=\"wp-image-1300 size-thumbnail alignleft\" src=\"https:\/\/zahraowens.com\/wp-content\/uploads\/2022\/08\/o-entre-deluge-et-secheresse-100x150.jpg\" alt=\"\" width=\"100\" height=\"150\" \/><\/a>Tim Conroy a de la patience. Depuis trois ans, il attend que son ami Rory McCown sorte de prison, apr\u00e8s une condamnation pour un vol de chevaux commis au ranch Blue River. Rory serait susceptible de b\u00e9n\u00e9ficier d\u2019une lib\u00e9ration anticip\u00e9e, mais \u00e0 condition d\u2019avoir un poste stable et un endroit o\u00f9 loger. Aussit\u00f4t, Tim se donne pour objectif de convaincre son ami et patron, le rancher Hunter Krause, d\u2019offrir \u00e0 Rory une deuxi\u00e8me chance.<\/p>\n<p>Quand Hunter accepte, Tim le regrette presque : Rory a chang\u00e9. \u00c0 certains moments, il se montre morose et renferm\u00e9, \u00e0 d\u2019autres, arrogant et trop pr\u00e9somptueux. Pourtant, l\u2019attraction est toujours aussi forte entre eux. Malheureusement, d\u00e8s qu\u2019ils commencent \u00e0 se rapprocher, un ennemi acharn\u00e9 \u0153uvre dans l\u2019ombre, pr\u00eat aux plus sombres machinations pour les s\u00e9parer\u2026<\/p>\n<p>Leur relation encore fragile sera-t-elle assez forte pour r\u00e9sister aux temp\u00eates \u00e0 venir ?<\/p>\n<p>Translator: Anne Solo<br \/>\nBuy it at <a href=\"https:\/\/www.dreamspinnerpress.com\/books\/entre-deluge-et-secheresse-by-zahra-owens-1043-b\" target=\"_blank\" rel=\"noopener\"><strong>Dreamspinner Press<\/strong><\/a><br \/>\n<a name=\"FDGE\"><\/a><\/p>\n<h3>Floods and Drought German<\/h3>\n<p><img loading=\"lazy\" decoding=\"async\" class=\"size-thumbnail wp-image-1301 alignright\" src=\"https:\/\/zahraowens.com\/wp-content\/uploads\/2022\/08\/o-floods-and-drought-eine-zweite-chance-fur-rory-100x150.jpg\" alt=\"\" width=\"100\" height=\"150\" srcset=\"https:\/\/zahraowens.com\/wp-content\/uploads\/2022\/08\/o-floods-and-drought-eine-zweite-chance-fur-rory-100x150.jpg 100w, https:\/\/zahraowens.com\/wp-content\/uploads\/2022\/08\/o-floods-and-drought-eine-zweite-chance-fur-rory-200x300.jpg 200w, https:\/\/zahraowens.com\/wp-content\/uploads\/2022\/08\/o-floods-and-drought-eine-zweite-chance-fur-rory.jpg 400w\" sizes=\"auto, (max-width: 100px) 100vw, 100px\" \/>Tim Conroy ist es gewohnt, geduldig zu sein. Er hat drei Jahre darauf gewartet, dass Rory McCown aus dem Gef\u00e4ngnis entlassen wird, nachdem er auf der Blue River Ranch Pferde gestohlen hatte. Doch nun, da Rory auf Bew\u00e4hrung entlassen wird, macht Tim es sich zur Aufgabe, seinen Chef Hunter Krause davon zu \u00fcberzeugen, Rory eine zweite Chance zu geben.<\/p>\n<p>Er bedauert es fast, als Hunter seinem Vorschlag zustimmt, denn Rory ist in einem Moment ein schlecht gelaunter Einzelg\u00e4nger, nur um sich im n\u00e4chsten arrogant und unnahbar zu geben. Die beiden f\u00fchlen sich trotzdem zueinander hingezogen, doch als sie sich endlich n\u00e4herkommen, taucht ein alter Feind auf, um Unfrieden zu stiften. Wird ihre Beziehung stark genug sein, diesen Sturm zu \u00fcberstehen?<\/p>\n<p>Translated by Melina Wilke<br \/>\nBuy it at <a href=\"https:\/\/www.dreamspinnerpress.com\/books\/floods-and-drought-eine-zweite-chance-fur-rory-by-zahra-owens-316-b\" target=\"_blank\" rel=\"noopener\"><strong>Dreamspinner Press<\/strong><\/a><\/p>\n","protected":false},"excerpt":{"rendered":"<p>Floods and Drought Spanish Tim Conroy tiene experiencia siendo una persona paciente. Ha esperado tres a\u00f1os a que Rory McCown salga de la c\u00e1rcel despu\u00e9s de cumplir condena por robar caballos en el rancho Blue River. Y ahora que ha salido bajo libertad condicional, Tim tiene el objetivo de persuadir a su jefe, Hunter Krause,&#8230;<\/p>\n","protected":false},"author":2,"featured_media":0,"parent":0,"menu_order":0,"comment_status":"open","ping_status":"open","template":"","meta":{"footnotes":""},"class_list":["post-1152","page","type-page","status-publish","hentry"],"_links":{"self":[{"href":"https:\/\/zahraowens.com\/index.php?rest_route=\/wp\/v2\/pages\/1152","targetHints":{"allow":["GET"]}}],"collection":[{"href":"https:\/\/zahraowens.com\/index.php?rest_route=\/wp\/v2\/pages"}],"about":[{"href":"https:\/\/zahraowens.com\/index.php?rest_route=\/wp\/v2\/types\/page"}],"author":[{"embeddable":true,"href":"https:\/\/zahraowens.com\/index.php?rest_route=\/wp\/v2\/users\/2"}],"replies":[{"embeddable":true,"href":"https:\/\/zahraowens.com\/index.php?rest_route=%2Fwp%2Fv2%2Fcomments&post=1152"}],"version-history":[{"count":5,"href":"https:\/\/zahraowens.com\/index.php?rest_route=\/wp\/v2\/pages\/1152\/revisions"}],"predecessor-version":[{"id":1353,"href":"https:\/\/zahraowens.com\/index.php?rest_route=\/wp\/v2\/pages\/1152\/revisions\/1353"}],"wp:attachment":[{"href":"https:\/\/zahraowens.com\/index.php?rest_route=%2Fwp%2Fv2%2Fmedia&parent=1152"}],"curies":[{"name":"wp","href":"https:\/\/api.w.org\/{rel}","templated":true}]}}